{"id":12423,"date":"2021-10-20T19:37:22","date_gmt":"2021-10-21T02:37:22","guid":{"rendered":"https:\/\/sccdp.org\/?page_id=12423"},"modified":"2025-11-11T19:58:38","modified_gmt":"2025-11-12T03:58:38","slug":"democratic-clubs-2","status":"publish","type":"page","link":"https:\/\/sccdp.org\/index.php\/get-involved\/democratic-clubs-2\/","title":{"rendered":"Democratic Clubs"},"content":{"rendered":"<div class=\"wp-block-image\">\n<figure class=\"alignright\"><img loading=\"lazy\" decoding=\"async\" width=\"375\" height=\"281\" src=\"https:\/\/sccdp.org\/wp-content\/uploads\/2019\/06\/api-honda-aug-16.jpg\" alt=\"\" class=\"wp-image-2809\" srcset=\"https:\/\/sccdp.org\/wp-content\/uploads\/2019\/06\/api-honda-aug-16.jpg 375w, https:\/\/sccdp.org\/wp-content\/uploads\/2019\/06\/api-honda-aug-16-300x225.jpg 300w\" sizes=\"auto, (max-width: 375px) 100vw, 375px\" \/><figcaption class=\"wp-element-caption\">Photo Credit:&nbsp;Loreto Dimaandal<\/figcaption><\/figure>\n<\/div>\n\n\n<p>Members of these clubs are interested in political issues and are active in endorsing candidates for public office and in their political campaigns. Some clubs are oriented toward specific issues or groups; others draw members from certain geographic areas. Most clubs meet once a month and publish a monthly newsletter. Below is a list of active clubs chartered by the Santa Clara County Democratic Central Committee, their orientations, and contacts. Call the President\/Chair for specific information about meetings, membership, dues, and activities.<\/p>\n\n\n\n<p>For more information about which club is right for you, contact our Outreach Director at&nbsp;<strong>clubs AT sccdp.org.<\/strong><\/p>\n\n\n\n<p>A summary of requirements for chartering a Club is at <strong><span style=\"text-decoration: underline;\"><a href=\"\/wp-content\/uploads\/2024\/11\/SCCDP-Clubs-Accreditation-Update-11_24_24.pdf\" target=\"_blank\" rel=\"noreferrer noopener\">THIS LINK<\/a><\/span><\/strong>.<\/p>\n\n\n\n<p>Club logos are available at <span style=\"text-decoration: underline;\"><strong><a href=\"\/index.php\/get-involved\/democratic-clubs-2\/democratic-club-logos\/\" target=\"_blank\" rel=\"noreferrer noopener\">THIS LINK<\/a><\/strong><\/span>.<\/p>\n\n\n\n<p>A chart of Club characteristics is available at <a href=\"\/wp-content\/uploads\/2025\/09\/Clubs-Venn.pdf\" target=\"_blank\" rel=\"noreferrer noopener\"><strong><span style=\"text-decoration: underline;\">THIS LINK<\/span><\/strong><\/a>.<\/p>\n\n\n\n<figure class=\"wp-block-image size-full\"><a href=\"https:\/\/sccdp.org\/index.php\/get-involved\/democratic-clubs-2\/democratic-club-logos\/\" target=\"_blank\" rel=\"noreferrer noopener\"><img loading=\"lazy\" decoding=\"async\" width=\"958\" height=\"941\" src=\"https:\/\/sccdp.org\/wp-content\/uploads\/2023\/08\/Club_Logos.png\" alt=\"\" class=\"wp-image-16816\" srcset=\"https:\/\/sccdp.org\/wp-content\/uploads\/2023\/08\/Club_Logos.png 958w, https:\/\/sccdp.org\/wp-content\/uploads\/2023\/08\/Club_Logos-300x295.png 300w, https:\/\/sccdp.org\/wp-content\/uploads\/2023\/08\/Club_Logos-768x754.png 768w, https:\/\/sccdp.org\/wp-content\/uploads\/2023\/08\/Club_Logos-750x737.png 750w\" sizes=\"auto, (max-width: 958px) 100vw, 958px\" \/><\/a><\/figure>\n\n\n\n<h2 class=\"wp-block-heading\">All Clubs<\/h2>\n\n\n\n<figure class=\"wp-block-table is-style-stripes\"><table><tbody><tr><td><strong>Club<\/strong><\/td><td><strong>Main Contact<\/strong><\/td><\/tr><tr><td><strong>Afro Umoja Political Representation in Silicon Valley (AFRO-UPRIS)<\/strong><br>OUR MISSION: Harvest and nurture the already activated grass roots Afro leadership and cultivate the political voice and power of the Black community in the Silicon Valley. Through unity and empowerment we aim to support our community to grow it\u2019s next generation of Political leaders, stimulate political awareness and political action within the Black community; while advocating for African-Americans&#8217; priorities to shape the agenda of Government and the Democratic Party.<\/td><td>Tomara Hall<br><a href=\"https:\/\/www.instagram.com\/afro_upris\/\" target=\"_blank\" rel=\"noreferrer noopener\">Club Website<\/a><br><a href=\"\/wp-content\/uploads\/2025\/11\/AFRO-UPRIS-Club.pdf\" target=\"_blank\" rel=\"noreferrer noopener\">Bylaws<\/a><br>afro-upris AT sccdp.org<br><\/td><\/tr><tr><td><strong>Assyrian Democrats of the Bay Area (ADBA)<\/strong><br>As Assyrian Americans, ADBA will provide a forum to help set a progressive agenda that would benefit our community at large. Our mission is summarized as follows: <span style=\"font-family: inherit; font-size: inherit;\"> <\/span><ul><li>Promote progressive values such as democracy, equality, and social and racial justice through education, participation and advocacy.<span style=\"font-family: inherit; font-size: inherit;\"> <\/span><\/li><li>Empower Assyrian American political voices<span style=\"font-family: inherit; font-size: inherit;\"> <\/span><\/li><li>Advance and protect the interest of Assyrian Americans Inspire and promote grassroots participation in the political and election process and voter registration drives<span style=\"font-family: inherit; font-size: inherit;\"> <\/span><\/li><li>Assist Assyrian American Democrats who seek local political positions, statewide and nationally<span style=\"font-family: inherit; font-size: inherit;\"> <\/span><\/li><li>Provide a vehicle through which members can participate at all levels of the Democratic Party<span style=\"font-family: inherit; font-size: inherit;\"> <\/span><\/li><li>Provide a forum for communicating progressive ideas in the Assyrian community.<\/li><\/ul><\/td><td>Tony Khoshaba<br><a href=\"http:\/\/www.assyriandemocrats.org\" target=\"_blank\" rel=\"noreferrer noopener\">Club Website<\/a><br><a href=\"\/wp-content\/uploads\/2025\/11\/Assyrian-Democrats-of-the-Bay-Area-ADBA.pdf\" target=\"_blank\" rel=\"noreferrer noopener\">Bylaws<\/a><br>assyriandemocrats AT sccdp.org<\/td><\/tr><tr><td><strong>Avalanche Democratic Club<\/strong><br>The Avalanche Democratic Club of Silicon Valley was founded as a conduit of communication between Orchard City Indivisible and the Santa Clara County Democratic Party. We support and defend the Constitution of the United States of America and believe all people have the Right to Life, Liberty, and the Pursuit of Happiness.<\/td><td>Rick Umstattd<br><a href=\"https:\/\/www.facebook.com\/groups\/182073502392896\/\" target=\"_blank\" rel=\"noreferrer noopener\">Club Facebook<\/a><br><a href=\"\/wp-content\/uploads\/2025\/11\/Avalanche-Democratic-Club.pdf\" target=\"_blank\" rel=\"noreferrer noopener\">Bylaws<\/a><br>avalanche AT sccdp.org<\/td><\/tr><tr><td><strong>Bay Area Hindu Democratic Coalition<\/strong><br>Purpose of BAHDC is:<ul><li>To foster Democratic Ideals by educating Hindu American voters about the Democratic party platform and creating a activist voter base geared towards getting Democratic party candidates elected<\/li><li>To advocate for the support of Democratic party candidates among the Hindu American community<\/li><li>To promote participation and representation of our members in the political process in California.<\/li><\/ul><\/td><td>Lakshmi Sharma<br><a href=\"https:\/\/www.hindudem.org\/\" target=\"_blank\" rel=\"noreferrer noopener\">Club Website<\/a><br><a href=\"\/wp-content\/uploads\/2025\/11\/Bay-Area-Hindu-Democratic-Coalition.pdf\" target=\"_blank\" rel=\"noreferrer noopener\">Bylaws<\/a><br>bahdc AT sccdp.org<\/td><\/tr><tr><td><strong>Bay Area Iranian American Democrats<\/strong><br>Helping Iranian Americans become active in the Democratic Party.<\/td><td>Mariam Ghazvini<br><a href=\"https:\/\/www.baiad.org\" target=\"_blank\" rel=\"noreferrer noopener\">Club Website<\/a><br><a href=\"\/wp-content\/uploads\/2025\/11\/Bay-Area-Iranian-American-Democrats.pdf\" target=\"_blank\" rel=\"noreferrer noopener\">Bylaws<\/a><br>baiad AT sccdp.org<\/td><\/tr><tr><td><strong>D10 Democrats of Santa Clara County<\/strong><br>A group of committed Democrats who live in San Jose\u2019s Council District 10.<\/td><td>Terri O\u2019Neill<br><a href=\"https:\/\/www.facebook.com\/d10dems\/\" target=\"_blank\" rel=\"noreferrer noopener\">Club Facebook<\/a><br><a href=\"\/wp-content\/uploads\/2025\/11\/D10-Democrats-of-Santa-Clara-County.pdf\" target=\"_blank\" rel=\"noreferrer noopener\">Bylaws<\/a><br>d10dems AT sccdp.org<\/td><\/tr><tr><td><strong>Dean Democratic Club of Silicon Valley<\/strong><br>The Dean Democratic Club of Silicon Valley is an alliance in Silicon Valley, California dedicated to the issues brought forth by Gov. Howard Dean, M.D., his cause and his message of progressive, positive change.<\/td><td>John Comiskey<br><a href=\"http:\/\/www.dfasv.org\" target=\"_blank\" rel=\"noreferrer noopener\">Club Website<\/a><br><a href=\"\/wp-content\/uploads\/2025\/11\/Dean-Democratic-Club-of-Silicon-Valley.pdf\" target=\"_blank\" rel=\"noreferrer noopener\">Bylaws<\/a><br>deanclub AT sccdp.org<\/td><\/tr><tr><td><strong>Democratic 21st Century  Club<\/strong><br>Founded more than 50 years ago, the D21stCC is the longest-standing Democratic club in Santa Clara County. Our mission is to support local Democratic candidates and causes and cultivate the next generation of Democratic leaders. To that end, we&nbsp;provide a unique venue for Democrats from all walks of life to come together, listen, learn, and increase our unity.<\/td><td>Craig Dunkerley<br><a href=\"https:\/\/www.demcenturyclub.org\" target=\"_blank\" rel=\"noreferrer noopener\">Club Website<\/a><br><a href=\"\/wp-content\/uploads\/2025\/11\/Democratic-21st-Century-Club.pdf\" target=\"_blank\" rel=\"noreferrer noopener\">Bylaws<\/a><br>demcenturyclub AT sccdp.org<\/td><\/tr><tr><td><strong>Democratic Activists for Women Now (<strong>DAWN<\/strong>)<\/strong><br>DAWN is a grassroots democratic organization working to elect progressive, pro-choice women.<\/td><td>Helen Chapman<br><a href=\"http:\/\/www.svdawn.org\" target=\"_blank\" rel=\"noreferrer noopener\">Club Website<\/a><br><a href=\"\/wp-content\/uploads\/2025\/11\/Democratic-Activists-for-Women-Now-DAWN.pdf\" target=\"_blank\" rel=\"noreferrer noopener\">Bylaws<\/a><br>dawn AT sccdp.org<\/td><\/tr><tr><td><strong>Democratic Club at the Villages<\/strong><br>This club limits its membership to Democrats living in the Villages complex in the Evergreen area of San Jose.<\/td><td>Tony Berg<br><a href=\"http:\/\/villagesdemclub.com\/\" target=\"_blank\" rel=\"noreferrer noopener\">Club Website<\/a><br><a href=\"\/wp-content\/uploads\/2025\/11\/Democratic-Club-at-the-Villages.pdf\" target=\"_blank\" rel=\"noreferrer noopener\">Bylaws<\/a><br>villages AT sccdp.org<\/td><\/tr><tr><td><strong>Democratic Club of Sunnyvale<\/strong><br>A club for residents of the city of Sunnyvale. We are an active and welcoming group that promotes progressive, Democratic values and positions. Come join our activities such as precinct walking, movie night socials and other fun (and serious) events to build the Democratic political community in Sunnyvale.<\/td><td>Mike Serrone<br><a href=\"https:\/\/www.sunnyvaledems.org\" target=\"_blank\" rel=\"noreferrer noopener\">Club Website<\/a><br><a href=\"\/wp-content\/uploads\/2025\/11\/Democratic-Club-of-Sunnyvale.pdf\" target=\"_blank\" rel=\"noreferrer noopener\">Bylaws<\/a><br>sunnyvale AT sccdp.org<\/td><\/tr><tr><td><strong>Democrats for Palestinian Rights Bay Area<\/strong><br>The purpose of DPR-BA is to promote an equitable and just future for Palestinians through US domestic and foreign policy.<br><br>The DPR-BA will organize activities that promote leadership in political activities for Palestinians and allies, educate the community on relevant issue, political processes and issues of importance of the local Palestinian community and the Democratic Party, promote Palestinian-Americans and allies to office locally, statewide and nationally, and provide a vehicle through which its members may actively participate at all levels of the Democratic Party.<\/td><td>Dina Saba<br><a href=\"https:\/\/www.democratsforpalestinianrights.org\" target=\"_blank\" rel=\"noreferrer noopener\">Club Website<\/a><br><a href=\"\/wp-content\/uploads\/2025\/11\/Democrats-for-Palestinian-Rights-Bay-Area.pdf\" target=\"_blank\" rel=\"noreferrer noopener\">Bylaws<\/a><br>dpr AT sccdp.org<\/td><\/tr><tr><td><strong>Democrats for Public Education<\/strong><br>Our goal: educating, supporting, activating, and growing a pro-public education community of Santa Clara County Democrats.<\/td><td>Ava Chiao<br><a href=\"http:\/\/SCCPublicEdDems.com\" target=\"_blank\" rel=\"noreferrer noopener\">Club Website<\/a><br><a href=\"\/wp-content\/uploads\/2025\/11\/Democrats-for-Public-Education.pdf\" target=\"_blank\" rel=\"noreferrer noopener\">Bylaws<\/a><br>democratsforpubliced AT sccdp.org<\/td><\/tr><tr><td><strong>East San Jose Democrats<\/strong><br>The purpose of the ESJD is to promote and influence the aims of the East San Jos\u00e9 community within the Democratic Party; to promote leadership in political activities for East San Jos\u00e9 residents; to educate the East San Jos\u00e9 community on the political process and the issues of importance to the East San Jos\u00e9 community and the Democratic Party; to assist in the selection and election of East San Jos\u00e9 Democrats to office locally, statewide and nationally and to support candidates who have strong records in the positive advancement of East San Jos\u00e9 issues; and to provide a vehicle through which its members may more actively participate at all levels of the Democratic Party.<\/td><td><br>Andres Quintero<br><a href=\"https:\/\/www.facebook.com\/ESJDemocrats\/\" target=\"_blank\" rel=\"noreferrer noopener\">Club Facebook<\/a><br><a href=\"\/wp-content\/uploads\/2025\/11\/East-San-Jose-Democrats.pdf\" target=\"_blank\" rel=\"noreferrer noopener\">Bylaws<\/a><br>eastsanjose AT sccdp.org<\/td><\/tr><tr><td><strong>East Valley Democratic Club<\/strong><br>The Milpitas Democratic Club was founded by Deepka Lalwani and served our community well in giving our voice to the Democratic in Milpitas. Times have changed and it\u2019s now time to build a partnership and expand our club, build a partnership with our neighbors and expand our voice to all of East Side.<br><br>The new East Valley Democratic Club is a community of Democratic activists stretching from Milpitas to Berryessa, Alum Rock, Mt Pleasant, and Evergreen in Eastside San Jose as well as the County neighborhoods on East Foothills and Mt Hamilton Road. This is a inclusive community of Democratic&#8217;s who wants to give a voice to our communities and create a place where everyone feels welcomed.<br><br>We are inviting you to join us and help us create a strong partnership to fight for our communities.<\/td><td>Marsha Grilli<br><a href=\"https:\/\/sites.google.com\/eastvalleydems.club\/home\/home\" target=\"_blank\" rel=\"noreferrer noopener\">Club Website<\/a><br><a href=\"\/wp-content\/uploads\/2025\/11\/East-Valley-Democratic-Club.pdf\" target=\"_blank\" rel=\"noreferrer noopener\">Bylaws<\/a><br>evdc AT sccdp.org<\/td><\/tr><tr><td><strong>Jewish Democratic Coalition of the Bay Area<\/strong><br>JDCBA&#8217;s Purpose: <span style=\"font-family: inherit; font-size: inherit;\"> <\/span><ul><li>To foster democratic ideas by stimulating active interest in the Democratic Party, to support the party platform, contribute to party leadership and responsibility, to provide a constructive role for volunteers in Democratic politics, and to promote an activist base<span style=\"font-family: inherit; font-size: inherit;\"> <\/span><\/li><li>To advocate for the values of the Jewish community including Tikkun Olam, social equality, justice, and the defense of a democratic, inclusive, secure Israel within the Democratic Party and its constituent parts<span style=\"font-family: inherit; font-size: inherit;\"> <\/span><\/li><li>To advocate for the election of Democratic candidates who support the Jewish and Pro-Israel community.<span style=\"font-family: inherit; font-size: inherit;\"> <\/span><\/li><\/ul><\/td><td>Dorene Kastelman<br><a href=\"https:\/\/jdcsv.wildapricot.org\" target=\"_blank\" rel=\"noopener\">Club Website<\/a><br><a href=\"\/wp-content\/uploads\/2025\/11\/Jewish-Democratic-Coalition-of-the-Bay-Area.pdf\" target=\"_blank\" rel=\"noreferrer noopener\">Bylaws<\/a><br>jdcba AT sccdp.org<\/td><\/tr><tr><td><strong>Muslim Democrats and Friends of Santa Clara County<\/strong><br>We stand for protecting the rights and interests of Muslim-Americans by empowering the Muslim-American Democrat political voice. We seek to promote progressive values such as social justice, equity, and inclusion, through education, political participation, public and political advocacy, and grassroots activism.<\/td><td>Sameena Usman<br><a href=\"https:\/\/muslimdemsandfriends.wordpress.com\" target=\"_blank\" rel=\"noreferrer noopener\">Club Website<\/a><br><a href=\"\/wp-content\/uploads\/2025\/11\/Muslim-Democrats-and-Friends-of-Santa-Clara-County.pdf\" target=\"_blank\" rel=\"noreferrer noopener\">Bylaws<\/a><br>mdfscc AT sccdp.org<\/td><\/tr><tr><td><strong>Peninsula Democratic Coalition<\/strong><br>The largest club in the county, this organization draws its membership from across the peninsula area,&nbsp;both in Santa Clara County and San Mateo County. This club plays a critical role in voter registration,&nbsp;voter education, precinct organization and operating the north county Democratic election headquarters.<\/td><td>Cari Templeton<br><a href=\"https:\/\/www.peninsulademocrats.com\" target=\"_blank\" rel=\"noreferrer noopener\">Club Website<\/a><br><a href=\"\/wp-content\/uploads\/2025\/11\/Peninsula-Democratic-Coalition.pdf\" target=\"_blank\" rel=\"noreferrer noopener\">Bylaws<\/a><br>pdc AT sccdp.org<\/td><\/tr><tr><td><strong>Silicon Valley Asian Pacific American Democratic Club<\/strong><br>SVAPADC was founded in 1996 to foster member participation AT all levels of the Democratic Party. Our goals are to unify and empower the Asian Pacific American (APA) communities; ensure fair representation of the APA\u2019s interests; and educate and promote political participation.<\/td><td>Chris Ratana<br><a href=\"https:\/\/www.svapadc.org\" target=\"_blank\" rel=\"noreferrer noopener\">Club Website<\/a><br><a href=\"\/wp-content\/uploads\/2025\/11\/Silicon-Valley-Asian-Pacific-American-Democratic-Club.pdf\" target=\"_blank\" rel=\"noreferrer noopener\">Bylaws<\/a><br>apa AT sccdp.org<\/td><\/tr><tr><td><strong>Silicon Valley Democratic Club<\/strong><br>A very active issue oriented club that features prominent elected officials and experts in various fields as speakers at monthly meetings. The club holds candidate forums and endorses Democrats for election in significant races. More information about the club is available at its website.<\/td><td>Sousan Manteghi<br><a href=\"https:\/\/www.siliconvalleydemclub.org\" target=\"_blank\" rel=\"noreferrer noopener\">Club Website<\/a><br><a href=\"\/wp-content\/uploads\/2025\/11\/Silicon-Valley-Democratic-Club.pdf\" target=\"_blank\" rel=\"noreferrer noopener\">Bylaws<\/a><br>siliconvalley AT sccdp.org<\/td><\/tr><tr><td><strong>Silicon Valley Working Blue Democratic Club<\/strong><br>The Working Blue Democratic Club\u2019s mission is to advocate for working families, promote social and economic justice and build consensus among Democratic and Labor activists.<\/td><td>Forest Peterson<br><a href=\"http:\/\/svworkingblue.org\" target=\"_blank\" rel=\"noreferrer noopener\">Club Website<\/a><br><a href=\"\/wp-content\/uploads\/2025\/11\/Silicon-Valley-Working-Blue-Democratic-Club.pdf\" target=\"_blank\" rel=\"noreferrer noopener\">Bylaws<\/a><br>workingblue AT sccdp.org<\/td><\/tr><tr><td><strong>Silicon Valley Young Democrats<\/strong><br>SVYD serves Democrats under 36 years old from throughout the Silicon Valley. We provide networking, social, and personal growth opportunities for young people dedicated to progressive ideals.<\/td><td>Erik Poicon<br><a href=\"http:\/\/www.svyd.org\" target=\"_blank\" rel=\"noreferrer noopener\">Club Website<\/a><br><a href=\"\/wp-content\/uploads\/2025\/11\/Silicon-Valley-Young-Democrats.pdf\" target=\"_blank\" rel=\"noreferrer noopener\">Bylaws<\/a><br>svyd AT sccdp.org<\/td><\/tr><tr><td><strong>South Asian American Democratic Coalition of Silicon Valley<\/strong><br>The South Asian American Democratic Coalition of Silicon Valley was established:<br><ul><li>To increase civic engagement and political participation in South Asian communities.<\/li><li>To educate the South Asian communities on the critical issues of importance to the community.<\/li><li>To provide opportunities for members to participate at all levels of the Democratic Party.<\/li><li>To assist in the election of Democratic candidates that are in alignment with the South Asian American Community values.<\/li><\/ul><\/td><td>&nbsp;Kalvin Gill<br><a href=\"https:\/\/www.saadcsv.org\/\" target=\"_blank\" rel=\"noreferrer noopener\">Club Website<\/a><br><a href=\"\/wp-content\/uploads\/2025\/11\/South-Asian-American-Democratic-Coalition-of-Silicon-Valley.pdf\" target=\"_blank\" rel=\"noreferrer noopener\">Bylaws<\/a><br>saadcsv AT sccdp.org<\/td><\/tr><tr><td><strong>South Bay Democratic Coalition<\/strong><br>Our purpose is:&nbsp;<ul><li>To participate in the Democratic Party, to cooperate and communicate with other Democratic Associations, Committees and Clubs, to assist Democratic functions in Santa Clara County, and to perform such other activities as the membership may decide.&nbsp;<\/li><li>To provide a speaker\u2019s forum for the education of members and others on current issues and allow Democratic candidates to present their stands on issues concerning the office they are seeking.<\/li><\/ul><\/td><td>Richard Stoken<br><a href=\"https:\/\/www.southbaydemocraticcoalition.org\" target=\"_blank\" rel=\"noreferrer noopener\">Club Website<\/a><br><a href=\"\/wp-content\/uploads\/2025\/11\/South-Bay-Democratic-Coalition.pdf\" target=\"_blank\" rel=\"noreferrer noopener\">Bylaws<\/a><br>southbay AT sccdp.org<\/td><\/tr><tr><td><strong>South Bay Movimiento Democratic Coalition<\/strong><br>We are a group of Progressive Democrats that work within the Latino and underrepresented communities.<\/td><td>Olivia Navarro<br><a href=\"https:\/\/www.facebook.com\/MDCSouthBay\/\" target=\"_blank\" rel=\"noreferrer noopener\">Club Facebook<\/a><br><a href=\"\/wp-content\/uploads\/2025\/11\/South-Bay-Movimiento-Democratic-Coalition.pdf\" target=\"_blank\" rel=\"noreferrer noopener\">Bylaws<\/a><br>movimiento AT sccdp.org<\/td><\/tr><tr><td><strong>South County Democratic Club<\/strong><br>A geographic oriented Club, representing the South County Morgan Hill-Gilroy area.<\/td><td>Joanne Fierro<br><a href=\"https:\/\/www.facebook.com\/SCDemClub\/\" target=\"_blank\" rel=\"noreferrer noopener\">Club Facebook<\/a><br><a href=\"\/wp-content\/uploads\/2025\/11\/South-County-Democratic-Club.pdf\" target=\"_blank\" rel=\"noreferrer noopener\">Bylaws<\/a><br>southcounty AT sccdp.org<\/td><\/tr><\/tbody><\/table><\/figure>\n\n\n\n<h2 class=\"wp-block-heading\">California Democratic Council<\/h2>\n\n\n\n<p>The CDC is the official statewide organization of grassroots Democratic clubs in California. CDC membership is open to any Democratic Club affiliated with its County Central Committee. AD Committees and Democratic Central Committees are also eligible to send representatives. A bottom-up organization, CDC policy is determined by vote of its delegates to its open Annual Convention and State Board meetings. Members of CDC-affiliated clubs may join statewide e-mail discussion groups and are also invited to lobby the State Legislature during our annual Lobby Day. Visit the CDC website at&nbsp;<a href=\"https:\/\/caldc.org\" target=\"_blank\" rel=\"noreferrer noopener\"><strong><span style=\"text-decoration: underline;\">http:\/\/caldc.org<\/span><\/strong><\/a><\/p>\n\n\n\n<h2 class=\"wp-block-heading\">California Young Democrats<\/h2>\n\n\n\n<p>CYD is the official statewide organization of Young Democrats clubs throughout California, representing Democrats between the ages of 14 and 35. The organization also includes all the college Democrat clubs as well. Check out their statewide website at&nbsp;&nbsp;<a href=\"https:\/\/cayoungdems.com\" target=\"_blank\" rel=\"noreferrer noopener\"><strong><span style=\"text-decoration: underline;\">https:\/\/cayoungdems.com<\/span><\/strong><\/a><\/p>\n\n\n\n<p><\/p>\n","protected":false},"excerpt":{"rendered":"<p>Members of these clubs are interested in political issues and are active in endorsing candidates for public office and in their political campaigns. Some clubs are oriented toward specific issues or groups; others draw members from certain geographic areas. Most clubs meet once a month and publish a monthly newsletter. Below is a list of &hellip; <\/p>\n<p><a class=\"more-link btn\" href=\"https:\/\/sccdp.org\/index.php\/get-involved\/democratic-clubs-2\/\">Continue reading<\/a><\/p>\n","protected":false},"author":1,"featured_media":0,"parent":912,"menu_order":4,"comment_status":"closed","ping_status":"closed","template":"","meta":{"footnotes":""},"class_list":["post-12423","page","type-page","status-publish","hentry","nodate","item-wrap"],"a3_pvc":{"activated":false,"total_views":0,"today_views":0},"_links":{"self":[{"href":"https:\/\/sccdp.org\/index.php\/wp-json\/wp\/v2\/pages\/12423","targetHints":{"allow":["GET"]}}],"collection":[{"href":"https:\/\/sccdp.org\/index.php\/wp-json\/wp\/v2\/pages"}],"about":[{"href":"https:\/\/sccdp.org\/index.php\/wp-json\/wp\/v2\/types\/page"}],"author":[{"embeddable":true,"href":"https:\/\/sccdp.org\/index.php\/wp-json\/wp\/v2\/users\/1"}],"replies":[{"embeddable":true,"href":"https:\/\/sccdp.org\/index.php\/wp-json\/wp\/v2\/comments?post=12423"}],"version-history":[{"count":73,"href":"https:\/\/sccdp.org\/index.php\/wp-json\/wp\/v2\/pages\/12423\/revisions"}],"predecessor-version":[{"id":22680,"href":"https:\/\/sccdp.org\/index.php\/wp-json\/wp\/v2\/pages\/12423\/revisions\/22680"}],"up":[{"embeddable":true,"href":"https:\/\/sccdp.org\/index.php\/wp-json\/wp\/v2\/pages\/912"}],"wp:attachment":[{"href":"https:\/\/sccdp.org\/index.php\/wp-json\/wp\/v2\/media?parent=12423"}],"curies":[{"name":"wp","href":"https:\/\/api.w.org\/{rel}","templated":true}]}}